{"id":40,"date":"2024-05-06T11:52:57","date_gmt":"2024-05-06T09:52:57","guid":{"rendered":"https:\/\/carlaley.fr\/?page_id=40"},"modified":"2024-05-23T09:57:10","modified_gmt":"2024-05-23T07:57:10","slug":"contact","status":"publish","type":"page","link":"https:\/\/carlaley.fr\/index.php\/contact\/","title":{"rendered":"Contact"},"content":{"rendered":"\n<div class=\"wp-block-group alignfull has-global-padding is-layout-constrained wp-container-core-group-is-layout-7e874eaa wp-block-group-is-layout-constrained\" style=\"padding-top:var(--wp--preset--spacing--superbspacing-large);padding-right:var(--wp--preset--spacing--superbspacing-small);padding-bottom:var(--wp--preset--spacing--superbspacing-large);padding-left:var(--wp--preset--spacing--superbspacing-small)\">\n<div class=\"wp-block-columns alignwide is-layout-flex wp-container-core-columns-is-layout-25593187 wp-block-columns-is-layout-flex\">\n<div class=\"wp-block-column is-vertically-aligned-center is-layout-flow wp-container-core-column-is-layout-40a2a7e8 wp-block-column-is-layout-flow\" style=\"padding-right:0;padding-bottom:0;padding-left:0\">\n<figure class=\"wp-block-image size-large is-resized has-custom-border wp-duotone-unset-1\"><img loading=\"lazy\" decoding=\"async\" width=\"683\" height=\"1024\" data-src=\"http:\/\/carlaley.fr\/wp-content\/uploads\/2024\/05\/DSC_4526-4-683x1024.jpg\" alt=\"\" class=\"wp-image-138 lazyload\" style=\"--smush-placeholder-width: 683px; --smush-placeholder-aspect-ratio: 683\/1024;border-radius:0px;width:342px;height:auto\" data-srcset=\"https:\/\/carlaley.fr\/wp-content\/uploads\/2024\/05\/DSC_4526-4-683x1024.jpg 683w, https:\/\/carlaley.fr\/wp-content\/uploads\/2024\/05\/DSC_4526-4-200x300.jpg 200w, https:\/\/carlaley.fr\/wp-content\/uploads\/2024\/05\/DSC_4526-4-768x1152.jpg 768w, https:\/\/carlaley.fr\/wp-content\/uploads\/2024\/05\/DSC_4526-4-1024x1536.jpg 1024w, https:\/\/carlaley.fr\/wp-content\/uploads\/2024\/05\/DSC_4526-4-1365x2048.jpg 1365w, https:\/\/carlaley.fr\/wp-content\/uploads\/2024\/05\/DSC_4526-4-scaled.jpg 1707w\" data-sizes=\"auto, (max-width: 683px) 100vw, 683px\" src=\"data:image\/gif;base64,R0lGODlhAQABAAAAACH5BAEKAAEALAAAAAABAAEAAAICTAEAOw==\" \/><noscript><img loading=\"lazy\" decoding=\"async\" width=\"683\" height=\"1024\" src=\"http:\/\/carlaley.fr\/wp-content\/uploads\/2024\/05\/DSC_4526-4-683x1024.jpg\" alt=\"\" class=\"wp-image-138\" style=\"border-radius:0px;width:342px;height:auto\" srcset=\"https:\/\/carlaley.fr\/wp-content\/uploads\/2024\/05\/DSC_4526-4-683x1024.jpg 683w, https:\/\/carlaley.fr\/wp-content\/uploads\/2024\/05\/DSC_4526-4-200x300.jpg 200w, https:\/\/carlaley.fr\/wp-content\/uploads\/2024\/05\/DSC_4526-4-768x1152.jpg 768w, https:\/\/carlaley.fr\/wp-content\/uploads\/2024\/05\/DSC_4526-4-1024x1536.jpg 1024w, https:\/\/carlaley.fr\/wp-content\/uploads\/2024\/05\/DSC_4526-4-1365x2048.jpg 1365w, https:\/\/carlaley.fr\/wp-content\/uploads\/2024\/05\/DSC_4526-4-scaled.jpg 1707w\" sizes=\"auto, (max-width: 683px) 100vw, 683px\" \/><\/noscript><\/figure>\n<\/div>\n\n\n\n<div class=\"wp-block-column is-vertically-aligned-center is-layout-flow wp-container-core-column-is-layout-30be4402 wp-block-column-is-layout-flow\">\n<div class=\"wp-block-group has-global-padding is-layout-constrained wp-container-core-group-is-layout-85cc789f wp-block-group-is-layout-constrained\">\n<h2 class=\"wp-block-heading has-text-align-left has-contrast-color has-text-color has-superbfont-xlarge-font-size\">N\u2019attendez pas pour me contactez &nbsp; !<\/h2>\n\n\n\n<p class=\"has-text-align-left has-secondary-color has-text-color has-superbfont-small-font-size\">Cr\u00e9ez aujourd\u2019hui vos souvenirs de demain&nbsp;<\/p>\n<\/div>\n\n\n\n<div class=\"wp-block-group has-global-padding is-layout-constrained wp-container-core-group-is-layout-85cc789f wp-block-group-is-layout-constrained\">\n<div class=\"wp-block-columns is-layout-flex wp-container-core-columns-is-layout-596307b8 wp-block-columns-is-layout-flex\">\n<div class=\"wp-block-column is-layout-flow wp-container-core-column-is-layout-b4584b45 wp-block-column-is-layout-flow\">\n<figure class=\"wp-block-image size-large is-resized\"><img decoding=\"async\" data-src=\"https:\/\/superbdemo.com\/superb-addons-images\/wp-content\/uploads\/2023\/08\/icon-email.png\" alt=\"\" style=\"width:32px;height:32px\" src=\"data:image\/gif;base64,R0lGODlhAQABAAAAACH5BAEKAAEALAAAAAABAAEAAAICTAEAOw==\" class=\"lazyload\" \/><noscript><img decoding=\"async\" src=\"https:\/\/superbdemo.com\/superb-addons-images\/wp-content\/uploads\/2023\/08\/icon-email.png\" alt=\"\" style=\"width:32px;height:32px\"\/><\/noscript><\/figure>\n\n\n\n<div class=\"wp-block-group has-base-background-color has-background is-vertical is-layout-flex wp-container-core-group-is-layout-da6736d2 wp-block-group-is-layout-flex\" style=\"border-style:none;border-width:0px;border-radius:0px;padding-top:0;padding-right:0;padding-bottom:0;padding-left:0\">\n<h3 class=\"wp-block-heading has-primary-color has-text-color has-superbfont-xsmall-font-size\">Adresse mail<\/h3>\n\n\n\n<p class=\"has-secondary-color has-text-color has-superbfont-xxsmall-font-size\">carlaley.photo@gmail.com<\/p>\n<\/div>\n<\/div>\n\n\n\n<div class=\"wp-block-column is-layout-flow wp-container-core-column-is-layout-b4584b45 wp-block-column-is-layout-flow\">\n<figure class=\"wp-block-image size-large is-resized\"><img decoding=\"async\" data-src=\"https:\/\/superbdemo.com\/superb-addons-images\/wp-content\/uploads\/2023\/08\/icon-phone-call.png\" alt=\"\" style=\"width:32px;height:32px\" src=\"data:image\/gif;base64,R0lGODlhAQABAAAAACH5BAEKAAEALAAAAAABAAEAAAICTAEAOw==\" class=\"lazyload\" \/><noscript><img decoding=\"async\" src=\"https:\/\/superbdemo.com\/superb-addons-images\/wp-content\/uploads\/2023\/08\/icon-phone-call.png\" alt=\"\" style=\"width:32px;height:32px\"\/><\/noscript><\/figure>\n\n\n\n<div class=\"wp-block-group has-base-background-color has-background is-vertical is-layout-flex wp-container-core-group-is-layout-da6736d2 wp-block-group-is-layout-flex\" style=\"border-style:none;border-width:0px;border-radius:0px;padding-top:0;padding-right:0;padding-bottom:0;padding-left:0\">\n<h3 class=\"wp-block-heading has-primary-color has-text-color has-superbfont-xsmall-font-size\">T\u00e9l\u00e9phone<\/h3>\n\n\n\n<p class=\"has-text-align-center has-secondary-color has-text-color has-superbfont-xxsmall-font-size\">+33 6 59 04 44 00<\/p>\n<\/div>\n<\/div>\n<\/div>\n\n\n\n<div class=\"wp-block-columns is-layout-flex wp-container-core-columns-is-layout-596307b8 wp-block-columns-is-layout-flex\">\n<div class=\"wp-block-column is-layout-flow wp-container-core-column-is-layout-b4584b45 wp-block-column-is-layout-flow\">\n<figure class=\"wp-block-image size-large is-resized\"><img decoding=\"async\" data-src=\"https:\/\/superbdemo.com\/superb-addons-images\/wp-content\/uploads\/2023\/08\/icon-clock-afternoon.png\" alt=\"\" style=\"width:32px;height:32px\" src=\"data:image\/gif;base64,R0lGODlhAQABAAAAACH5BAEKAAEALAAAAAABAAEAAAICTAEAOw==\" class=\"lazyload\" \/><noscript><img decoding=\"async\" src=\"https:\/\/superbdemo.com\/superb-addons-images\/wp-content\/uploads\/2023\/08\/icon-clock-afternoon.png\" alt=\"\" style=\"width:32px;height:32px\"\/><\/noscript><\/figure>\n\n\n\n<div class=\"wp-block-group has-base-background-color has-background is-vertical is-layout-flex wp-container-core-group-is-layout-da6736d2 wp-block-group-is-layout-flex\" style=\"border-style:none;border-width:0px;border-radius:0px;padding-top:0;padding-right:0;padding-bottom:0;padding-left:0\">\n<h3 class=\"wp-block-heading has-primary-color has-text-color has-superbfont-xsmall-font-size\">Horaires<\/h3>\n\n\n\n<p class=\"has-secondary-color has-text-color has-superbfont-xxsmall-font-size\">Mardi &#8211; Samedi<br>08:00 &#8211; 18:00<\/p>\n<\/div>\n<\/div>\n\n\n\n<div class=\"wp-block-column is-layout-flow wp-container-core-column-is-layout-b4584b45 wp-block-column-is-layout-flow\">\n<figure class=\"wp-block-image size-large is-resized\"><img decoding=\"async\" data-src=\"https:\/\/superbdemo.com\/superb-addons-images\/wp-content\/uploads\/2023\/08\/icon-push-pin-simple.png\" alt=\"\" style=\"width:32px;height:32px\" src=\"data:image\/gif;base64,R0lGODlhAQABAAAAACH5BAEKAAEALAAAAAABAAEAAAICTAEAOw==\" class=\"lazyload\" \/><noscript><img decoding=\"async\" src=\"https:\/\/superbdemo.com\/superb-addons-images\/wp-content\/uploads\/2023\/08\/icon-push-pin-simple.png\" alt=\"\" style=\"width:32px;height:32px\"\/><\/noscript><\/figure>\n\n\n\n<div class=\"wp-block-group has-base-background-color has-background is-vertical is-layout-flex wp-container-core-group-is-layout-da6736d2 wp-block-group-is-layout-flex\" style=\"border-style:none;border-width:0px;border-radius:0px;padding-top:0;padding-right:0;padding-bottom:0;padding-left:0\">\n<h3 class=\"wp-block-heading has-primary-color has-text-color has-superbfont-xsmall-font-size\">Addresse<\/h3>\n\n\n\n<div class=\"wp-block-group is-nowrap is-layout-flex wp-container-core-group-is-layout-6c531013 wp-block-group-is-layout-flex\">\n<p class=\"has-secondary-color has-text-color has-superbfont-xxsmall-font-size\">Tarbes et ses alentours<\/p>\n<\/div>\n\n\n\n<p class=\"has-secondary-color has-text-color has-superbfont-xxsmall-font-size\">Maternit\u00e9 de l&rsquo;Ormeau 12 Chem. de l&rsquo;Ormeau, 65000 Tarbes<\/p>\n<\/div>\n<\/div>\n<\/div>\n<\/div>\n<\/div>\n<\/div>\n<\/div>\n","protected":false},"excerpt":{"rendered":"<p>N\u2019attendez pas pour me contactez &nbsp; ! Cr\u00e9ez aujourd\u2019hui vos souvenirs de demain&nbsp; Adresse mail carlaley.photo@gmail.com T\u00e9l\u00e9phone +33 6 59 04 44 00 Horaires Mardi &#8211; Samedi08:00 &#8211; 18:00 Addresse Tarbes et ses alentours Maternit\u00e9 de l&rsquo;Ormeau 12 Chem. de l&rsquo;Ormeau, 65000 Tarbes<\/p>\n","protected":false},"author":1,"featured_media":0,"parent":0,"menu_order":0,"comment_status":"closed","ping_status":"closed","template":"","meta":{"footnotes":""},"class_list":["post-40","page","type-page","status-publish","hentry"],"_links":{"self":[{"href":"https:\/\/carlaley.fr\/index.php\/wp-json\/wp\/v2\/pages\/40","targetHints":{"allow":["GET"]}}],"collection":[{"href":"https:\/\/carlaley.fr\/index.php\/wp-json\/wp\/v2\/pages"}],"about":[{"href":"https:\/\/carlaley.fr\/index.php\/wp-json\/wp\/v2\/types\/page"}],"author":[{"embeddable":true,"href":"https:\/\/carlaley.fr\/index.php\/wp-json\/wp\/v2\/users\/1"}],"replies":[{"embeddable":true,"href":"https:\/\/carlaley.fr\/index.php\/wp-json\/wp\/v2\/comments?post=40"}],"version-history":[{"count":9,"href":"https:\/\/carlaley.fr\/index.php\/wp-json\/wp\/v2\/pages\/40\/revisions"}],"predecessor-version":[{"id":366,"href":"https:\/\/carlaley.fr\/index.php\/wp-json\/wp\/v2\/pages\/40\/revisions\/366"}],"wp:attachment":[{"href":"https:\/\/carlaley.fr\/index.php\/wp-json\/wp\/v2\/media?parent=40"}],"curies":[{"name":"wp","href":"https:\/\/api.w.org\/{rel}","templated":true}]}}